{"id":15623,"date":"2022-12-16T12:14:15","date_gmt":"2022-12-16T11:14:15","guid":{"rendered":"https:\/\/maralam.net\/2023\/current\/"},"modified":"2025-08-26T08:48:47","modified_gmt":"2025-08-26T07:48:47","slug":"current","status":"publish","type":"page","link":"https:\/\/maralam.net\/en\/current\/","title":{"rendered":"Current"},"content":{"rendered":"\t\t<div data-elementor-type=\"wp-page\" data-elementor-id=\"15623\" class=\"elementor elementor-15623 elementor-12914\" data-elementor-post-type=\"page\">\n\t\t\t\t\t\t<section class=\"elementor-section elementor-top-section elementor-element elementor-element-c56e32f elementor-section-content-middle elementor-section-boxed elementor-section-height-default elementor-section-height-default\" data-id=\"c56e32f\" data-element_type=\"section\" data-e-type=\"section\">\n\t\t\t\t\t\t<div class=\"elementor-container elementor-column-gap-no\">\n\t\t\t\t\t<div class=\"elementor-column elementor-col-100 elementor-top-column elementor-element elementor-element-927acc2\" data-id=\"927acc2\" data-element_type=\"column\" data-e-type=\"column\">\n\t\t\t<div class=\"elementor-widget-wrap elementor-element-populated\">\n\t\t\t\t\t\t<div class=\"elementor-element elementor-element-3d8fe8c elementor-widget elementor-widget-heading\" data-id=\"3d8fe8c\" data-element_type=\"widget\" data-e-type=\"widget\" data-widget_type=\"heading.default\">\n\t\t\t\t<div class=\"elementor-widget-container\">\n\t\t\t\t\t<h1 class=\"elementor-heading-title elementor-size-default\">Current<\/h1>\t\t\t\t<\/div>\n\t\t\t\t<\/div>\n\t\t\t\t<section class=\"elementor-section elementor-inner-section elementor-element elementor-element-589e128 elementor-section-boxed elementor-section-height-default elementor-section-height-default\" data-id=\"589e128\" data-element_type=\"section\" data-e-type=\"section\">\n\t\t\t\t\t\t<div class=\"elementor-container elementor-column-gap-default\">\n\t\t\t\t\t<div class=\"elementor-column elementor-col-50 elementor-inner-column elementor-element elementor-element-d4cccee\" data-id=\"d4cccee\" data-element_type=\"column\" data-e-type=\"column\">\n\t\t\t<div class=\"elementor-widget-wrap elementor-element-populated\">\n\t\t\t\t\t\t<div class=\"elementor-element elementor-element-555567b elementor-widget-divider--view-line elementor-widget elementor-widget-divider\" data-id=\"555567b\" data-element_type=\"widget\" data-e-type=\"widget\" data-widget_type=\"divider.default\">\n\t\t\t\t<div class=\"elementor-widget-container\">\n\t\t\t\t\t\t\t<div class=\"elementor-divider\">\n\t\t\t<span class=\"elementor-divider-separator\">\n\t\t\t\t\t\t<\/span>\n\t\t<\/div>\n\t\t\t\t\t\t<\/div>\n\t\t\t\t<\/div>\n\t\t\t\t<div class=\"elementor-element elementor-element-33daf7e elementor-widget elementor-widget-heading\" data-id=\"33daf7e\" data-element_type=\"widget\" data-e-type=\"widget\" data-widget_type=\"heading.default\">\n\t\t\t\t<div class=\"elementor-widget-container\">\n\t\t\t\t\t<h3 class=\"elementor-heading-title elementor-size-default\">Productions<\/h3>\t\t\t\t<\/div>\n\t\t\t\t<\/div>\n\t\t\t\t\t<\/div>\n\t\t<\/div>\n\t\t\t\t<div class=\"elementor-column elementor-col-50 elementor-inner-column elementor-element elementor-element-8921f31\" data-id=\"8921f31\" data-element_type=\"column\" data-e-type=\"column\">\n\t\t\t<div class=\"elementor-widget-wrap elementor-element-populated\">\n\t\t\t\t\t\t<div class=\"elementor-element elementor-element-d59d308 elementor-widget elementor-widget-heading\" data-id=\"d59d308\" data-element_type=\"widget\" data-e-type=\"widget\" data-widget_type=\"heading.default\">\n\t\t\t\t<div class=\"elementor-widget-container\">\n\t\t\t\t\t<h3 class=\"elementor-heading-title elementor-size-default\">Angebot<\/h3>\t\t\t\t<\/div>\n\t\t\t\t<\/div>\n\t\t\t\t<div class=\"elementor-element elementor-element-83c9614 elementor-widget elementor-widget-icon-box\" data-id=\"83c9614\" data-element_type=\"widget\" data-e-type=\"widget\" data-widget_type=\"icon-box.default\">\n\t\t\t\t<div class=\"elementor-widget-container\">\n\t\t\t\t\t\t\t<div class=\"elementor-icon-box-wrapper\">\n\n\t\t\t\n\t\t\t\t\t\t<div class=\"elementor-icon-box-content\">\n\n\t\t\t\t\t\t\t\t\t<h3 class=\"elementor-icon-box-title\">\n\t\t\t\t\t\t<span  >\n\t\t\t\t\t\t\tKleinprojekte - Workshops\t\t\t\t\t\t<\/span>\n\t\t\t\t\t<\/h3>\n\t\t\t\t\n\t\t\t\t\t\t\t\t\t<p class=\"elementor-icon-box-description\">\n\t\t\t\t\t\tEin weiterer Schwerpunkt sind unz\u00e4hlige Veranstaltungen und Auff\u00fchrungen f\u00fcr Schulen und Jugendliche im schulischen wie ausserschulischen Bereich. MARALAM f\u00fchrt mit erfahrenen Leitenden Veranstaltungen, individuell angepasste Kleinprojekte und Workshops zu Bewegung, Spiel, Theater, Textentwicklung, Musik insbesondere Rap und HipHop und crossover Formate durch.\t\t\t\t\t<\/p>\n\t\t\t\t\n\t\t\t<\/div>\n\t\t\t\n\t\t<\/div>\n\t\t\t\t\t\t<\/div>\n\t\t\t\t<\/div>\n\t\t\t\t<div class=\"elementor-element elementor-element-5f6e767 elementor-widget elementor-widget-icon-box\" data-id=\"5f6e767\" data-element_type=\"widget\" data-e-type=\"widget\" data-widget_type=\"icon-box.default\">\n\t\t\t\t<div class=\"elementor-widget-container\">\n\t\t\t\t\t\t\t<div class=\"elementor-icon-box-wrapper\">\n\n\t\t\t\n\t\t\t\t\t\t<div class=\"elementor-icon-box-content\">\n\n\t\t\t\t\t\t\t\t\t<h3 class=\"elementor-icon-box-title\">\n\t\t\t\t\t\t<span  >\n\t\t\t\t\t\t\t F\u00fcr Anfragen \t\t\t\t\t\t<\/span>\n\t\t\t\t\t<\/h3>\n\t\t\t\t\n\t\t\t\t\t\t\t\t\t<p class=\"elementor-icon-box-description\">\n\t\t\t\t\t\tvon Schulen und Bildungsinstitutionen f\u00fcr individuelle auf Ihre Institution ausgerichtetes Kleinprogramm \t\t\t\t\t<\/p>\n\t\t\t\t\n\t\t\t<\/div>\n\t\t\t\n\t\t<\/div>\n\t\t\t\t\t\t<\/div>\n\t\t\t\t<\/div>\n\t\t\t\t<div class=\"elementor-element elementor-element-4b89218 elementor-widget elementor-widget-button\" data-id=\"4b89218\" data-element_type=\"widget\" data-e-type=\"widget\" data-widget_type=\"button.default\">\n\t\t\t\t<div class=\"elementor-widget-container\">\n\t\t\t\t\t\t\t\t\t<div class=\"elementor-button-wrapper\">\n\t\t\t\t\t<a class=\"elementor-button elementor-button-link elementor-size-sm\" href=\"mailto:maralam@maralam.net\">\n\t\t\t\t\t\t<span class=\"elementor-button-content-wrapper\">\n\t\t\t\t\t\t\t\t\t<span class=\"elementor-button-text\">maralam@maralam.net<\/span>\n\t\t\t\t\t<\/span>\n\t\t\t\t\t<\/a>\n\t\t\t\t<\/div>\n\t\t\t\t\t\t\t\t<\/div>\n\t\t\t\t<\/div>\n\t\t\t\t<div class=\"elementor-element elementor-element-b6492c7 elementor-widget elementor-widget-icon-box\" data-id=\"b6492c7\" data-element_type=\"widget\" data-e-type=\"widget\" data-widget_type=\"icon-box.default\">\n\t\t\t\t<div class=\"elementor-widget-container\">\n\t\t\t\t\t\t\t<div class=\"elementor-icon-box-wrapper\">\n\n\t\t\t\n\t\t\t\t\t\t<div class=\"elementor-icon-box-content\">\n\n\t\t\t\t\n\t\t\t\t\t\t\t\t\t<p class=\"elementor-icon-box-description\">\n\t\t\t\t\t\t\nDie verantwortliche Ansprechperson meldet sich auf Anfrage und kl\u00e4rt mit Ihnen ab, welches Ihre Bed\u00fcrfnisse und Rahmenbedingungen sind.\n\t\t\t\t\t<\/p>\n\t\t\t\t\n\t\t\t<\/div>\n\t\t\t\n\t\t<\/div>\n\t\t\t\t\t\t<\/div>\n\t\t\t\t<\/div>\n\t\t\t\t<div class=\"elementor-element elementor-element-4fd9500 elementor-widget-divider--view-line elementor-widget elementor-widget-divider\" data-id=\"4fd9500\" data-element_type=\"widget\" data-e-type=\"widget\" data-widget_type=\"divider.default\">\n\t\t\t\t<div class=\"elementor-widget-container\">\n\t\t\t\t\t\t\t<div class=\"elementor-divider\">\n\t\t\t<span class=\"elementor-divider-separator\">\n\t\t\t\t\t\t<\/span>\n\t\t<\/div>\n\t\t\t\t\t\t<\/div>\n\t\t\t\t<\/div>\n\t\t\t\t<div class=\"elementor-element elementor-element-dcc8a6d elementor-widget elementor-widget-icon-box\" data-id=\"dcc8a6d\" data-element_type=\"widget\" data-e-type=\"widget\" data-widget_type=\"icon-box.default\">\n\t\t\t\t<div class=\"elementor-widget-container\">\n\t\t\t\t\t\t\t<div class=\"elementor-icon-box-wrapper\">\n\n\t\t\t\n\t\t\t\t\t\t<div class=\"elementor-icon-box-content\">\n\n\t\t\t\t\t\t\t\t\t<h4 class=\"elementor-icon-box-title\">\n\t\t\t\t\t\t<span  >\n\t\t\t\t\t\t\tkonzipiert und produziert \t\t\t\t\t\t<\/span>\n\t\t\t\t\t<\/h4>\n\t\t\t\t\n\t\t\t\t\t\t\t\t\t<p class=\"elementor-icon-box-description\">\n\t\t\t\t\t\tMARALAM konzipiert und produziert seit 1985 transkulturelle Projekte im \u201cPerforming Arts\u201c- Bereich und seinen anverwandten Gebieten. Projekte und Produktionen entstehen im In- und Ausland mit in- und ausl\u00e4ndischen Partnerorganisationen u. a. im Nahen Osten, Nordafrika, S\u00fcdostasien, Osteuropa und im deutschsprachigen Raum.\n\n\t\t\t\t\t<\/p>\n\t\t\t\t\n\t\t\t<\/div>\n\t\t\t\n\t\t<\/div>\n\t\t\t\t\t\t<\/div>\n\t\t\t\t<\/div>\n\t\t\t\t<div class=\"elementor-element elementor-element-87d373f elementor-widget-divider--view-line elementor-widget elementor-widget-divider\" data-id=\"87d373f\" data-element_type=\"widget\" data-e-type=\"widget\" data-widget_type=\"divider.default\">\n\t\t\t\t<div class=\"elementor-widget-container\">\n\t\t\t\t\t\t\t<div class=\"elementor-divider\">\n\t\t\t<span class=\"elementor-divider-separator\">\n\t\t\t\t\t\t<\/span>\n\t\t<\/div>\n\t\t\t\t\t\t<\/div>\n\t\t\t\t<\/div>\n\t\t\t\t<div class=\"elementor-element elementor-element-eec1a81 elementor-widget elementor-widget-icon-box\" data-id=\"eec1a81\" data-element_type=\"widget\" data-e-type=\"widget\" data-widget_type=\"icon-box.default\">\n\t\t\t\t<div class=\"elementor-widget-container\">\n\t\t\t\t\t\t\t<div class=\"elementor-icon-box-wrapper\">\n\n\t\t\t\n\t\t\t\t\t\t<div class=\"elementor-icon-box-content\">\n\n\t\t\t\t\t\t\t\t\t<h3 class=\"elementor-icon-box-title\">\n\t\t\t\t\t\t<span  >\n\t\t\t\t\t\t\torganisiert\t\t\t\t\t\t<\/span>\n\t\t\t\t\t<\/h3>\n\t\t\t\t\n\t\t\t\t\t\t\t\t\t<p class=\"elementor-icon-box-description\">\n\t\t\t\t\t\tMARALAM organisiert Tourneen, Veranstaltungen und Workshops von entstanden Projekten im In- und Ausland.\t\t\t\t\t<\/p>\n\t\t\t\t\n\t\t\t<\/div>\n\t\t\t\n\t\t<\/div>\n\t\t\t\t\t\t<\/div>\n\t\t\t\t<\/div>\n\t\t\t\t<div class=\"elementor-element elementor-element-dcc37a6 elementor-widget-divider--view-line elementor-widget elementor-widget-divider\" data-id=\"dcc37a6\" data-element_type=\"widget\" data-e-type=\"widget\" data-widget_type=\"divider.default\">\n\t\t\t\t<div class=\"elementor-widget-container\">\n\t\t\t\t\t\t\t<div class=\"elementor-divider\">\n\t\t\t<span class=\"elementor-divider-separator\">\n\t\t\t\t\t\t<\/span>\n\t\t<\/div>\n\t\t\t\t\t\t<\/div>\n\t\t\t\t<\/div>\n\t\t\t\t<div class=\"elementor-element elementor-element-21fb03e elementor-widget elementor-widget-icon-box\" data-id=\"21fb03e\" data-element_type=\"widget\" data-e-type=\"widget\" data-widget_type=\"icon-box.default\">\n\t\t\t\t<div class=\"elementor-widget-container\">\n\t\t\t\t\t\t\t<div class=\"elementor-icon-box-wrapper\">\n\n\t\t\t\n\t\t\t\t\t\t<div class=\"elementor-icon-box-content\">\n\n\t\t\t\t\t\t\t\t\t<h3 class=\"elementor-icon-box-title\">\n\t\t\t\t\t\t<span  >\n\t\t\t\t\t\t\tber\u00e4t - evaluiert - produziert\t\t\t\t\t\t<\/span>\n\t\t\t\t\t<\/h3>\n\t\t\t\t\n\t\t\t\t\t\t\t\t\t<p class=\"elementor-icon-box-description\">\n\t\t\t\t\t\tMARALAM ber\u00e4t, evaluiert und produziert kulturelle Projekte und Programme f\u00fcr und mit anderen Institutionen im In- und Ausland.\t\t\t\t\t<\/p>\n\t\t\t\t\n\t\t\t<\/div>\n\t\t\t\n\t\t<\/div>\n\t\t\t\t\t\t<\/div>\n\t\t\t\t<\/div>\n\t\t\t\t<div class=\"elementor-element elementor-element-c35e7e6 elementor-widget elementor-widget-icon-box\" data-id=\"c35e7e6\" data-element_type=\"widget\" data-e-type=\"widget\" data-widget_type=\"icon-box.default\">\n\t\t\t\t<div class=\"elementor-widget-container\">\n\t\t\t\t\t\t\t<div class=\"elementor-icon-box-wrapper\">\n\n\t\t\t\n\t\t\t\t\t\t<div class=\"elementor-icon-box-content\">\n\n\t\t\t\t\t\t\t\t\t<h3 class=\"elementor-icon-box-title\">\n\t\t\t\t\t\t<span  >\n\t\t\t\t\t\t\tF\u00fcr Beratungsanfragen:\t\t\t\t\t\t<\/span>\n\t\t\t\t\t<\/h3>\n\t\t\t\t\n\t\t\t\t\n\t\t\t<\/div>\n\t\t\t\n\t\t<\/div>\n\t\t\t\t\t\t<\/div>\n\t\t\t\t<\/div>\n\t\t\t\t<div class=\"elementor-element elementor-element-e8c5ef1 elementor-widget elementor-widget-button\" data-id=\"e8c5ef1\" data-element_type=\"widget\" data-e-type=\"widget\" data-widget_type=\"button.default\">\n\t\t\t\t<div class=\"elementor-widget-container\">\n\t\t\t\t\t\t\t\t\t<div class=\"elementor-button-wrapper\">\n\t\t\t\t\t<a class=\"elementor-button elementor-button-link elementor-size-sm\" href=\"mailto:maralam@maralam.net\">\n\t\t\t\t\t\t<span class=\"elementor-button-content-wrapper\">\n\t\t\t\t\t\t\t\t\t<span class=\"elementor-button-text\">maralam@maralam.net<\/span>\n\t\t\t\t\t<\/span>\n\t\t\t\t\t<\/a>\n\t\t\t\t<\/div>\n\t\t\t\t\t\t\t\t<\/div>\n\t\t\t\t<\/div>\n\t\t\t\t<div class=\"elementor-element elementor-element-e6e3e8f elementor-widget elementor-widget-text-editor\" data-id=\"e6e3e8f\" data-element_type=\"widget\" data-e-type=\"widget\" data-widget_type=\"text-editor.default\">\n\t\t\t\t<div class=\"elementor-widget-container\">\n\t\t\t\t\t\t\t\t\t<p>Die verantwortliche Ansprechperson meldet sich auf Anfrage bei Ihnen.<\/p>\n\t\t\t\t\t\t\t\t<\/div>\n\t\t\t\t<\/div>\n\t\t\t\t\t<\/div>\n\t\t<\/div>\n\t\t\t\t\t<\/div>\n\t\t<\/section>\n\t\t\t\t\t<\/div>\n\t\t<\/div>\n\t\t\t\t\t<\/div>\n\t\t<\/section>\n\t\t\t\t<section class=\"elementor-section elementor-top-section elementor-element elementor-element-b8e8951 elementor-section-content-middle elementor-section-boxed elementor-section-height-default elementor-section-height-default\" data-id=\"b8e8951\" data-element_type=\"section\" data-e-type=\"section\">\n\t\t\t\t\t\t<div class=\"elementor-container elementor-column-gap-no\">\n\t\t\t\t\t<div class=\"elementor-column elementor-col-100 elementor-top-column elementor-element elementor-element-69a76cf\" data-id=\"69a76cf\" data-element_type=\"column\" data-e-type=\"column\">\n\t\t\t<div class=\"elementor-widget-wrap\">\n\t\t\t\t\t\t\t<\/div>\n\t\t<\/div>\n\t\t\t\t\t<\/div>\n\t\t<\/section>\n\t\t\t\t<\/div>\n\t\t","protected":false},"excerpt":{"rendered":"<p>Current Productions Angebot Kleinprojekte &#8211; Workshops Ein weiterer Schwerpunkt sind unz\u00e4hlige Veranstaltungen und Auff\u00fchrungen f\u00fcr Schulen und Jugendliche im schulischen wie ausserschulischen Bereich. MARALAM f\u00fchrt mit erfahrenen Leitenden Veranstaltungen, individuell angepasste Kleinprojekte und Workshops zu Bewegung, Spiel, Theater, Textentwicklung, Musik insbesondere Rap und HipHop und crossover Formate durch. F\u00fcr Anfragen von Schulen und Bildungsinstitutionen f\u00fcr [&hellip;]<\/p>\n","protected":false},"author":1,"featured_media":0,"parent":0,"menu_order":0,"comment_status":"closed","ping_status":"closed","template":"elementor_header_footer","meta":{"site-sidebar-layout":"no-sidebar","site-content-layout":"page-builder","ast-site-content-layout":"full-width-container","site-content-style":"unboxed","site-sidebar-style":"unboxed","ast-global-header-display":"","ast-banner-title-visibility":"","ast-main-header-display":"","ast-hfb-above-header-display":"","ast-hfb-below-header-display":"","ast-hfb-mobile-header-display":"","site-post-title":"disabled","ast-breadcrumbs-content":"","ast-featured-img":"disabled","footer-sml-layout":"","theme-transparent-header-meta":"default","adv-header-id-meta":"","stick-header-meta":"","header-above-stick-meta":"","header-main-stick-meta":"","header-below-stick-meta":"","astra-migrate-meta-layouts":"default","ast-page-background-enabled":"default","ast-page-background-meta":{"desktop":{"background-color":"","background-image":"","background-repeat":"repeat","background-position":"center center","background-size":"auto","background-attachment":"scroll","background-type":"","background-media":"","overlay-type":"","overlay-color":"","overlay-opacity":"","overlay-gradient":""},"tablet":{"background-color":"","background-image":"","background-repeat":"repeat","background-position":"center center","background-size":"auto","background-attachment":"scroll","background-type":"","background-media":"","overlay-type":"","overlay-color":"","overlay-opacity":"","overlay-gradient":""},"mobile":{"background-color":"","background-image":"","background-repeat":"repeat","background-position":"center center","background-size":"auto","background-attachment":"scroll","background-type":"","background-media":"","overlay-type":"","overlay-color":"","overlay-opacity":"","overlay-gradient":""}},"ast-content-background-meta":{"desktop":{"background-color":"var(--ast-global-color-5)","background-image":"","background-repeat":"repeat","background-position":"center center","background-size":"auto","background-attachment":"scroll","background-type":"","background-media":"","overlay-type":"","overlay-color":"","overlay-opacity":"","overlay-gradient":""},"tablet":{"background-color":"var(--ast-global-color-5)","background-image":"","background-repeat":"repeat","background-position":"center center","background-size":"auto","background-attachment":"scroll","background-type":"","background-media":"","overlay-type":"","overlay-color":"","overlay-opacity":"","overlay-gradient":""},"mobile":{"background-color":"var(--ast-global-color-5)","background-image":"","background-repeat":"repeat","background-position":"center center","background-size":"auto","background-attachment":"scroll","background-type":"","background-media":"","overlay-type":"","overlay-color":"","overlay-opacity":"","overlay-gradient":""}},"iawp_total_views":25,"footnotes":""},"class_list":["post-15623","page","type-page","status-publish","hentry"],"yoast_head":"<!-- This site is optimized with the Yoast SEO plugin v27.5 - https:\/\/yoast.com\/product\/yoast-seo-wordpress\/ -->\n<title>Current - Theater Maralam<\/title>\n<meta name=\"robots\" content=\"index, follow, max-snippet:-1, max-image-preview:large, max-video-preview:-1\" \/>\n<link rel=\"canonical\" href=\"https:\/\/maralam.net\/en\/current\/\" \/>\n<meta property=\"og:locale\" content=\"en_US\" \/>\n<meta property=\"og:type\" content=\"article\" \/>\n<meta property=\"og:title\" content=\"Current - Theater Maralam\" \/>\n<meta property=\"og:description\" content=\"Current Productions Angebot Kleinprojekte &#8211; Workshops Ein weiterer Schwerpunkt sind unz\u00e4hlige Veranstaltungen und Auff\u00fchrungen f\u00fcr Schulen und Jugendliche im schulischen wie ausserschulischen Bereich. MARALAM f\u00fchrt mit erfahrenen Leitenden Veranstaltungen, individuell angepasste Kleinprojekte und Workshops zu Bewegung, Spiel, Theater, Textentwicklung, Musik insbesondere Rap und HipHop und crossover Formate durch. F\u00fcr Anfragen von Schulen und Bildungsinstitutionen f\u00fcr [&hellip;]\" \/>\n<meta property=\"og:url\" content=\"https:\/\/maralam.net\/en\/current\/\" \/>\n<meta property=\"og:site_name\" content=\"Theater Maralam\" \/>\n<meta property=\"article:publisher\" content=\"https:\/\/www.facebook.com\/theatermaralam\/\" \/>\n<meta property=\"article:modified_time\" content=\"2025-08-26T07:48:47+00:00\" \/>\n<meta property=\"og:image\" content=\"https:\/\/maralam.net\/wp-content\/uploads\/2022\/10\/Theater_Maralam_Logo_RGB.png\" \/>\n\t<meta property=\"og:image:width\" content=\"804\" \/>\n\t<meta property=\"og:image:height\" content=\"281\" \/>\n\t<meta property=\"og:image:type\" content=\"image\/png\" \/>\n<meta name=\"twitter:card\" content=\"summary_large_image\" \/>\n<meta name=\"twitter:label1\" content=\"Est. reading time\" \/>\n\t<meta name=\"twitter:data1\" content=\"1 minute\" \/>\n<script type=\"application\/ld+json\" class=\"yoast-schema-graph\">{\"@context\":\"https:\\\/\\\/schema.org\",\"@graph\":[{\"@type\":\"WebPage\",\"@id\":\"https:\\\/\\\/maralam.net\\\/en\\\/current\\\/\",\"url\":\"https:\\\/\\\/maralam.net\\\/en\\\/current\\\/\",\"name\":\"Current - Theater Maralam\",\"isPartOf\":{\"@id\":\"https:\\\/\\\/maralam.net\\\/en\\\/#website\"},\"datePublished\":\"2022-12-16T11:14:15+00:00\",\"dateModified\":\"2025-08-26T07:48:47+00:00\",\"breadcrumb\":{\"@id\":\"https:\\\/\\\/maralam.net\\\/en\\\/current\\\/#breadcrumb\"},\"inLanguage\":\"en-US\",\"potentialAction\":[{\"@type\":\"ReadAction\",\"target\":[\"https:\\\/\\\/maralam.net\\\/en\\\/current\\\/\"]}]},{\"@type\":\"BreadcrumbList\",\"@id\":\"https:\\\/\\\/maralam.net\\\/en\\\/current\\\/#breadcrumb\",\"itemListElement\":[{\"@type\":\"ListItem\",\"position\":1,\"name\":\"Startseite\",\"item\":\"https:\\\/\\\/maralam.net\\\/en\\\/\"},{\"@type\":\"ListItem\",\"position\":2,\"name\":\"Current\"}]},{\"@type\":\"WebSite\",\"@id\":\"https:\\\/\\\/maralam.net\\\/en\\\/#website\",\"url\":\"https:\\\/\\\/maralam.net\\\/en\\\/\",\"name\":\"Theater Maralam\",\"description\":\"Wanderer im Labyrinth der Gegenwart\",\"publisher\":{\"@id\":\"https:\\\/\\\/maralam.net\\\/en\\\/#organization\"},\"potentialAction\":[{\"@type\":\"SearchAction\",\"target\":{\"@type\":\"EntryPoint\",\"urlTemplate\":\"https:\\\/\\\/maralam.net\\\/en\\\/?s={search_term_string}\"},\"query-input\":{\"@type\":\"PropertyValueSpecification\",\"valueRequired\":true,\"valueName\":\"search_term_string\"}}],\"inLanguage\":\"en-US\"},{\"@type\":\"Organization\",\"@id\":\"https:\\\/\\\/maralam.net\\\/en\\\/#organization\",\"name\":\"Theater Maralam\",\"url\":\"https:\\\/\\\/maralam.net\\\/en\\\/\",\"logo\":{\"@type\":\"ImageObject\",\"inLanguage\":\"en-US\",\"@id\":\"https:\\\/\\\/maralam.net\\\/en\\\/#\\\/schema\\\/logo\\\/image\\\/\",\"url\":\"https:\\\/\\\/maralam.net\\\/wp-content\\\/uploads\\\/2022\\\/10\\\/Theater_Maralam_Logo_neg_RGB.png\",\"contentUrl\":\"https:\\\/\\\/maralam.net\\\/wp-content\\\/uploads\\\/2022\\\/10\\\/Theater_Maralam_Logo_neg_RGB.png\",\"width\":804,\"height\":281,\"caption\":\"Theater Maralam\"},\"image\":{\"@id\":\"https:\\\/\\\/maralam.net\\\/en\\\/#\\\/schema\\\/logo\\\/image\\\/\"},\"sameAs\":[\"https:\\\/\\\/www.facebook.com\\\/theatermaralam\\\/\",\"https:\\\/\\\/www.instagram.com\\\/theatermaralam\\\/\"]}]}<\/script>\n<!-- \/ Yoast SEO plugin. -->","yoast_head_json":{"title":"Current - Theater Maralam","robots":{"index":"index","follow":"follow","max-snippet":"max-snippet:-1","max-image-preview":"max-image-preview:large","max-video-preview":"max-video-preview:-1"},"canonical":"https:\/\/maralam.net\/en\/current\/","og_locale":"en_US","og_type":"article","og_title":"Current - Theater Maralam","og_description":"Current Productions Angebot Kleinprojekte &#8211; Workshops Ein weiterer Schwerpunkt sind unz\u00e4hlige Veranstaltungen und Auff\u00fchrungen f\u00fcr Schulen und Jugendliche im schulischen wie ausserschulischen Bereich. MARALAM f\u00fchrt mit erfahrenen Leitenden Veranstaltungen, individuell angepasste Kleinprojekte und Workshops zu Bewegung, Spiel, Theater, Textentwicklung, Musik insbesondere Rap und HipHop und crossover Formate durch. F\u00fcr Anfragen von Schulen und Bildungsinstitutionen f\u00fcr [&hellip;]","og_url":"https:\/\/maralam.net\/en\/current\/","og_site_name":"Theater Maralam","article_publisher":"https:\/\/www.facebook.com\/theatermaralam\/","article_modified_time":"2025-08-26T07:48:47+00:00","og_image":[{"width":804,"height":281,"url":"https:\/\/maralam.net\/wp-content\/uploads\/2022\/10\/Theater_Maralam_Logo_RGB.png","type":"image\/png"}],"twitter_card":"summary_large_image","twitter_misc":{"Est. reading time":"1 minute"},"schema":{"@context":"https:\/\/schema.org","@graph":[{"@type":"WebPage","@id":"https:\/\/maralam.net\/en\/current\/","url":"https:\/\/maralam.net\/en\/current\/","name":"Current - Theater Maralam","isPartOf":{"@id":"https:\/\/maralam.net\/en\/#website"},"datePublished":"2022-12-16T11:14:15+00:00","dateModified":"2025-08-26T07:48:47+00:00","breadcrumb":{"@id":"https:\/\/maralam.net\/en\/current\/#breadcrumb"},"inLanguage":"en-US","potentialAction":[{"@type":"ReadAction","target":["https:\/\/maralam.net\/en\/current\/"]}]},{"@type":"BreadcrumbList","@id":"https:\/\/maralam.net\/en\/current\/#breadcrumb","itemListElement":[{"@type":"ListItem","position":1,"name":"Startseite","item":"https:\/\/maralam.net\/en\/"},{"@type":"ListItem","position":2,"name":"Current"}]},{"@type":"WebSite","@id":"https:\/\/maralam.net\/en\/#website","url":"https:\/\/maralam.net\/en\/","name":"Theater Maralam","description":"Wanderer im Labyrinth der Gegenwart","publisher":{"@id":"https:\/\/maralam.net\/en\/#organization"},"potentialAction":[{"@type":"SearchAction","target":{"@type":"EntryPoint","urlTemplate":"https:\/\/maralam.net\/en\/?s={search_term_string}"},"query-input":{"@type":"PropertyValueSpecification","valueRequired":true,"valueName":"search_term_string"}}],"inLanguage":"en-US"},{"@type":"Organization","@id":"https:\/\/maralam.net\/en\/#organization","name":"Theater Maralam","url":"https:\/\/maralam.net\/en\/","logo":{"@type":"ImageObject","inLanguage":"en-US","@id":"https:\/\/maralam.net\/en\/#\/schema\/logo\/image\/","url":"https:\/\/maralam.net\/wp-content\/uploads\/2022\/10\/Theater_Maralam_Logo_neg_RGB.png","contentUrl":"https:\/\/maralam.net\/wp-content\/uploads\/2022\/10\/Theater_Maralam_Logo_neg_RGB.png","width":804,"height":281,"caption":"Theater Maralam"},"image":{"@id":"https:\/\/maralam.net\/en\/#\/schema\/logo\/image\/"},"sameAs":["https:\/\/www.facebook.com\/theatermaralam\/","https:\/\/www.instagram.com\/theatermaralam\/"]}]}},"_links":{"self":[{"href":"https:\/\/maralam.net\/en\/wp-json\/wp\/v2\/pages\/15623","targetHints":{"allow":["GET"]}}],"collection":[{"href":"https:\/\/maralam.net\/en\/wp-json\/wp\/v2\/pages"}],"about":[{"href":"https:\/\/maralam.net\/en\/wp-json\/wp\/v2\/types\/page"}],"author":[{"embeddable":true,"href":"https:\/\/maralam.net\/en\/wp-json\/wp\/v2\/users\/1"}],"replies":[{"embeddable":true,"href":"https:\/\/maralam.net\/en\/wp-json\/wp\/v2\/comments?post=15623"}],"version-history":[{"count":65,"href":"https:\/\/maralam.net\/en\/wp-json\/wp\/v2\/pages\/15623\/revisions"}],"predecessor-version":[{"id":18966,"href":"https:\/\/maralam.net\/en\/wp-json\/wp\/v2\/pages\/15623\/revisions\/18966"}],"wp:attachment":[{"href":"https:\/\/maralam.net\/en\/wp-json\/wp\/v2\/media?parent=15623"}],"curies":[{"name":"wp","href":"https:\/\/api.w.org\/{rel}","templated":true}]}}